{"id":3186,"date":"2024-06-14T00:30:34","date_gmt":"2024-06-13T22:30:34","guid":{"rendered":"https:\/\/trasteroscampanillas.com\/?page_id=3186"},"modified":"2024-06-14T00:45:28","modified_gmt":"2024-06-13T22:45:28","slug":"politica-de-privacidad","status":"publish","type":"page","link":"https:\/\/trasteroscampanillas.com\/index.php\/politica-de-privacidad\/","title":{"rendered":"Pol\u00edtica de Privacidad"},"content":{"rendered":"<div class=\"wpb-content-wrapper\"><p><span style=\"vertical-align: inherit;\"><span style=\"vertical-align: inherit;\">[vc_section][vc_row][vc_column]<div class=\"wpb_content_element \"><style type=\"text\/css\">#ut_header_69e0da34862ba h1.page-title { font-size:30px !important; }<\/style><header id=\"ut_header_69e0da34862ba\" class=\"page-header page-title-module  ut-no-title-linebreak-mobile ut-no-lead-linebreak-mobile pt-style-2 header-center header-tablet-center header-mobile-center\"><h1 data-title=\"POL\u00cdTICA DE PRIVACIDAD Y AVISO LEGAL\"  data-responsive-font=\"page_title\" data-responsive-font-settings=\"{&quot;base-font-size&quot;:&quot;global&quot;,&quot;font-size&quot;:{&quot;desktop_large&quot;:&quot;30&quot;},&quot;base-line-height&quot;:&quot;global&quot;,&quot;base-letter-spacing&quot;:&quot;global&quot;}\" class=\"page-title  \"><span>POL\u00cdTICA DE PRIVACIDAD Y AVISO LEGAL<\/span><\/h1><\/header><\/div>[vc_column_text]<\/span><\/span><\/p>\n<p style=\"text-align: center;\"><strong>Protecci\u00f3n de datos TRASTEROS CAMPANILLAS ( SCRAP CONTAINER SL)<\/strong> La empresa garantiza a los usuarios de la p\u00e1gina web que cumple con la Ley Org\u00e1nica de Protecci\u00f3n de Datos y Garant\u00eda de los Derechos Digitales, y que ha establecido las medidas de seguridad exigidas por las leyes y reglamentos destinados a preservar el secreto, confidencialidad e integridad en el tratamiento de sus datos personales. Dichos datos personales ser\u00e1n utilizados en la forma y con las limitaciones y derechos que conceden la protecci\u00f3n de datos de car\u00e1cter personal. La recogida y tratamiento de los datos personales solicitados tiene como Finalidad: la atenci\u00f3n al usuario, tanto administrativa como comercial. Legitimaci\u00f3n: La base legal para el tratamiento de sus datos personales es el consentimiento que presta al aceptar esta Pol\u00edtica de Privacidad antes de enviarnos\/facilitarnos sus datos. Destinatarios: no se comunicar\u00e1 sus datos a ning\u00fan tercero, salvo que se le informe de ello expresamente o existe obligaci\u00f3n legal. <strong>SCRAP CONTAINER SL<\/strong>\u00a0se compromete a guardar la m\u00e1xima reserva, secreto y confidencialidad sobre la informaci\u00f3n de los datos personales que tiene a su disposici\u00f3n. Duraci\u00f3n: Sus datos, ser\u00e1n conservados el tiempo m\u00ednimo necesario para satisfacer la finalidad para la cual los facilit\u00f3, as\u00ed como para atender las responsabilidades que se puedan derivar de los datos suministrados y de cualquier otra exigencia legal. Derechos: El interesado es titular de los derechos de acceso, rectificaci\u00f3n, supresi\u00f3n, limitaci\u00f3n y oposici\u00f3n al tratamiento de sus datos personales, as\u00ed como el derecho a la portabilidad de los mismos. Asimismo, en cualquier momento el interesado puede retirar el consentimiento prestado sin que ello afecte a la licitud del tratamiento, as\u00ed como la posibilidad de acudir ante la autoridad de control competente (AEPD).\u00a0<strong>Aviso legal LSSI \u2013 CE\u00a0<\/strong> En cumplimiento de la Ley 34\/2002, de 11 de julio, de Servicios de la Sociedad de la Informaci\u00f3n y de Comercio Electr\u00f3nico (LSSI-CE), la entidad <strong>SCRAP CONTAINER SL<\/strong> le informa que es titular del sitio web. De acuerdo con la exigencia del art\u00edculo 10 de la citada Ley, informa de los siguientes datos: El titular de este sitio web es: <strong>SCRAP CONTAINER SL,<\/strong> <strong>CIF<\/strong> : B72332588 <strong>Domicilio social<\/strong>\u00a0: C\/ VENTURA MORON N17, 11201 ALGECIRAS, CADIZ, Espa\u00f1a\u00a0<strong>Usuarios<\/strong>\u00a0\u00a0El acceso y\/o uso de este portal le atribuye la condici\u00f3n de USUARIO, que acepta, desde dicho acceso y\/o uso, las Condiciones Generales de Uso aqu\u00ed reflejadas. Las citadas Condiciones ser\u00e1n de aplicaci\u00f3n independientemente de las Condiciones Generales de Contrataci\u00f3n que en su caso resulten de obligado cumplimiento.\u00a0\u00a0<strong>Uso del portal <\/strong>La p\u00e1gina web proporciona el acceso a multitud de informaciones, servicios, programas o datos (en adelante, \u201clos contenidos\u201d) en Internet pertenecientes a <strong>SCRAP CONTAINER SL<\/strong> da a sus licenciantes a los que el USUARIO pueda tener acceso. El USUARIO asume la responsabilidad del uso del portal. Dicha responsabilidad se extiende al registro que fuese necesario para acceder a determinados servicios o contenidos. En dicho registro el USUARIO ser\u00e1 responsable de aportar informaci\u00f3n veraz y l\u00edcita. Como consecuencia de este registro, al USUARIO se le puede proporcionar una contrase\u00f1a de la que ser\u00e1 responsable, comprometi\u00e9ndose a hacer un uso diligente y confidencial de la misma. El USUARIO se compromete a hacer un uso adecuado de los contenidos y servicios que <strong>SCRAP CONTAINER SL<\/strong> ofrece a trav\u00e9s de su portal y con car\u00e1cter enunciativo pero no limitativo, a no emplearlos para: (i) incurrir en actividades il\u00edcitas, ilegales o contrarias a la buena fe y al orden p\u00fablico (ii) difundir contenidos o propaganda de car\u00e1cter racista, xen\u00f3fobo, pornogr\u00e1fico-ilegal, de apolog\u00eda del terrorismo o atentatorio contra los derechos humanos (iii) provocar da\u00f1os en los sistemas f\u00edsicos y l\u00f3gicos de <strong>SCRAP CONTAINER SL<\/strong> , de sus proveedores o de terceras personas, introducir o difundir en la red virus inform\u00e1ticos o cualesquiera otros sistemas f\u00edsicos o l\u00f3gicos que sean susceptibles de provocar los da\u00f1os anteriormente mencionados; (iv) intentar acceder y, en su caso, utilizar las cuentas de correo electr\u00f3nico de otros usuarios y modificar manipular sus mensajes. <strong>SCRAP CONTAINER SL<\/strong> se reserva el derecho de retirar todos aquellos comentarios y aportaciones que vulneren el respeto a la dignidad de la persona, que sean discriminatorios, xen\u00f3fobos, racistas, pornogr\u00e1ficos, que atenten contra la juventud o la infancia, el orden o la seguridad. p\u00fablica o que, a su juicio, no resultar\u00e1n adecuados para su publicaci\u00f3n. En cualquier caso, <strong>SCRAP CONTAINER SL<\/strong> no ser\u00e1 responsable de las opiniones vertidas por los usuarios a trav\u00e9s de los foros, chats, u otras herramientas de participaci\u00f3n. <strong>Propiedad intelectual e industrial. SCRAP CONTAINER SL<\/strong> ser\u00e1 titular de todos los derechos de propiedad intelectual e industrial de su p\u00e1gina web, as\u00ed como de los elementos contenidos en la misma (a t\u00edtulo enunciativo, im\u00e1genes, sonido, audio, v\u00eddeo, software o textos; marcas o logotipos, combinaciones de colores, estructura y dise\u00f1o, selecci\u00f3n de materiales usados, programas de ordenador necesarios para su funcionamiento, acceso y uso, etc.). Todos los derechos reservados. En virtud de lo dispuesto en los art\u00edculos 8 y 32.1, p\u00e1rrafo segundo, de la Ley de Propiedad Intelectual, quedan expresamente prohibidas la reproducci\u00f3n, la distribuci\u00f3n y la comunicaci\u00f3n p\u00fablica, incluida su modalidad de puesta a disposici\u00f3n, de la totalidad o parte de los contenidos de esta p\u00e1gina web, con fines comerciales, en cualquier soporte y por cualquier medio t\u00e9cnico, sin la autorizaci\u00f3n de <strong>SCRAP CONTAINER SL<\/strong>. El USUARIO se compromete a respetar los derechos de Propiedad Intelectual e Industrial titularidad de <strong>SCRAP CONTAINER SL<\/strong>. Podr\u00e1 visualizar los elementos del portal e incluso imprimirlos, copiarlos y almacenarlos en el disco duro de su ordenador o en cualquier otro soporte f\u00edsico siempre y cuando sea, \u00fanica y exclusivamente, para su uso personal y privado. El USUARIO deber\u00e1 abstenerse de suprimir, alterar, eludir o manipular cualquier dispositivo de protecci\u00f3n o sistema de seguridad que est\u00e9 instalado en las p\u00e1ginas de <strong>SCRAP CONTAINER SL<\/strong>. <strong>Exclusi\u00f3n de garant\u00edas y responsabilidad<\/strong> <strong>SCRAP CONTAINER SL<\/strong> no se hace responsable, en ning\u00fan caso, de los da\u00f1os y perjuicios de cualquier naturaleza que puedan ocasionar, a t\u00edtulo enunciativo: errores u omisiones en los contenidos, falta de disponibilidad del portal o la transmisi\u00f3n de virus o programas maliciosos o lesivos en los contenidos, a pesar de haber adoptado todas las medidas tecnol\u00f3gicas necesarias para evitarlo. <strong>SCRAP CONTAINER SL<\/strong> se reserva el derecho de efectuar sin previo aviso las modificaciones que consideren oportunas en su portal, pudiendo cambiar, suprimir o a\u00f1adir tanto los contenidos y servicios que se presentan a trav\u00e9s de la misma como la forma en la que \u00e9stos aparecen presentados. o localizados en su portal. <strong>Enlaces<\/strong> En el caso de que en la p\u00e1gina web se dispusiesen enlaces o hiperv\u00ednculos hac\u00edan otros sitios de Internet, <strong>SCRAP CONTAINER SL<\/strong> no ejercer\u00e1 ning\u00fan tipo de control sobre dichos sitios y contenidos. En ning\u00fan caso <strong>SCRAP CONTAINER SL<\/strong> asumir\u00e1 responsabilidad alguna por los contenidos de alg\u00fan enlace perteneciente a un sitio web ajeno, ni garantizar\u00e1 la disponibilidad t\u00e9cnica, calidad, confiabilidad, exactitud, amplitud, veracidad, validez y constitucionalidad de cualquier material o informaci\u00f3n contenida en ninguno. de dichos hiperv\u00ednculos u otros sitios de Internet. Igualmente, la inclusi\u00f3n de estas conexiones externas no implicar\u00e1 ning\u00fan tipo de asociaci\u00f3n, fusi\u00f3n o participaci\u00f3n con las entidades conectadas.<strong>Derecho de exclusi\u00f3n<\/strong> <strong>SCRAP CONTAINER SL<\/strong> se reserva el derecho a denegar o retirar el acceso a portal y\/o los servicios ofrecidos sin necesidad de previo aviso, a instancia propia o de un tercero, a aquellos usuarios que incumplan las presentes Condiciones Generales de Uso. <strong>Generalidades<\/strong> <strong>SCRAP CONTAINER SL<\/strong> perseguir\u00e1 el incumplimiento de las presentes condiciones, as\u00ed como cualquier utilizaci\u00f3n indebida de su portal ejerciendo todas las acciones civiles y penales que le puedan corresponder en derecho. <strong>Modificaci\u00f3n de las presentes condiciones y duraci\u00f3n<\/strong> <strong>SCRAP CONTAINER SL<\/strong> podr\u00e1 modificar en cualquier momento las condiciones aqu\u00ed determinadas, siendo debidamente publicadas como aqu\u00ed aparecen. La vigencia de las condiciones citadas ir\u00e1 en funci\u00f3n de su exposici\u00f3n y estar\u00e1n vigentes hasta que sean modificadas por otras debidamente publicadas. <strong>Legislaci\u00f3n aplicable y jurisdicci\u00f3n<\/strong> La relaci\u00f3n entre <strong>SCRAP CONTAINER SL<\/strong> y el USUARIO se regir\u00e1 por la normativa espa\u00f1ola vigente y cualquier controversia se someter\u00e1 a los Juzgados y tribunales de la ciudad anteriormente indicada.<\/p>\n<p><span style=\"vertical-align: inherit;\"><span style=\"vertical-align: inherit;\">[\/vc_column_text][\/vc_column][\/vc_row][\/vc_section]<\/span><\/span><\/p>\n<\/div>","protected":false},"excerpt":{"rendered":"<p>[vc_section][vc_row][vc_column][vc_column_text] Protecci\u00f3n de datos TRASTEROS CAMPANILLAS ( SCRAP CONTAINER SL) La empresa garantiza a los usuarios de la p\u00e1gina web que cumple con la Ley Org\u00e1nica de Protecci\u00f3n de Datos y Garant\u00eda de los Derechos Digitales, y que ha establecido las medidas de seguridad exigidas por las leyes y reglamentos destinados a preservar el secreto, [&hellip;]<\/p>\n","protected":false},"author":1,"featured_media":0,"parent":0,"menu_order":0,"comment_status":"closed","ping_status":"closed","template":"","meta":{"footnotes":""},"class_list":["post-3186","page","type-page","status-publish","hentry"],"yoast_head":"<!-- This site is optimized with the Yoast SEO plugin v24.3 - https:\/\/yoast.com\/wordpress\/plugins\/seo\/ -->\n<title>Pol\u00edtica de Privacidad - trasteroscampanillas<\/title>\n<meta name=\"robots\" content=\"index, follow, max-snippet:-1, max-image-preview:large, max-video-preview:-1\" \/>\n<link rel=\"canonical\" href=\"https:\/\/trasteroscampanillas.com\/index.php\/politica-de-privacidad\/\" \/>\n<meta property=\"og:locale\" content=\"es_ES\" \/>\n<meta property=\"og:type\" content=\"article\" \/>\n<meta property=\"og:title\" content=\"Pol\u00edtica de Privacidad - trasteroscampanillas\" \/>\n<meta property=\"og:description\" content=\"[vc_section][vc_row][vc_column][vc_column_text] Protecci\u00f3n de datos TRASTEROS CAMPANILLAS ( SCRAP CONTAINER SL) La empresa garantiza a los usuarios de la p\u00e1gina web que cumple con la Ley Org\u00e1nica de Protecci\u00f3n de Datos y Garant\u00eda de los Derechos Digitales, y que ha establecido las medidas de seguridad exigidas por las leyes y reglamentos destinados a preservar el secreto, [&hellip;]\" \/>\n<meta property=\"og:url\" content=\"https:\/\/trasteroscampanillas.com\/index.php\/politica-de-privacidad\/\" \/>\n<meta property=\"og:site_name\" content=\"trasteroscampanillas\" \/>\n<meta property=\"article:modified_time\" content=\"2024-06-13T22:45:28+00:00\" \/>\n<meta name=\"twitter:card\" content=\"summary_large_image\" \/>\n<meta name=\"twitter:label1\" content=\"Tiempo de lectura\" \/>\n\t<meta name=\"twitter:data1\" content=\"8 minutos\" \/>\n<script type=\"application\/ld+json\" class=\"yoast-schema-graph\">{\"@context\":\"https:\/\/schema.org\",\"@graph\":[{\"@type\":\"WebPage\",\"@id\":\"https:\/\/trasteroscampanillas.com\/index.php\/politica-de-privacidad\/\",\"url\":\"https:\/\/trasteroscampanillas.com\/index.php\/politica-de-privacidad\/\",\"name\":\"Pol\u00edtica de Privacidad - trasteroscampanillas\",\"isPartOf\":{\"@id\":\"https:\/\/trasteroscampanillas.com\/#website\"},\"datePublished\":\"2024-06-13T22:30:34+00:00\",\"dateModified\":\"2024-06-13T22:45:28+00:00\",\"breadcrumb\":{\"@id\":\"https:\/\/trasteroscampanillas.com\/index.php\/politica-de-privacidad\/#breadcrumb\"},\"inLanguage\":\"es\",\"potentialAction\":[{\"@type\":\"ReadAction\",\"target\":[\"https:\/\/trasteroscampanillas.com\/index.php\/politica-de-privacidad\/\"]}]},{\"@type\":\"BreadcrumbList\",\"@id\":\"https:\/\/trasteroscampanillas.com\/index.php\/politica-de-privacidad\/#breadcrumb\",\"itemListElement\":[{\"@type\":\"ListItem\",\"position\":1,\"name\":\"Portada\",\"item\":\"https:\/\/trasteroscampanillas.com\/\"},{\"@type\":\"ListItem\",\"position\":2,\"name\":\"Pol\u00edtica de Privacidad\"}]},{\"@type\":\"WebSite\",\"@id\":\"https:\/\/trasteroscampanillas.com\/#website\",\"url\":\"https:\/\/trasteroscampanillas.com\/\",\"name\":\"trasteroscampanillas\",\"description\":\"\",\"potentialAction\":[{\"@type\":\"SearchAction\",\"target\":{\"@type\":\"EntryPoint\",\"urlTemplate\":\"https:\/\/trasteroscampanillas.com\/?s={search_term_string}\"},\"query-input\":{\"@type\":\"PropertyValueSpecification\",\"valueRequired\":true,\"valueName\":\"search_term_string\"}}],\"inLanguage\":\"es\"}]}<\/script>\n<!-- \/ Yoast SEO plugin. -->","yoast_head_json":{"title":"Pol\u00edtica de Privacidad - trasteroscampanillas","robots":{"index":"index","follow":"follow","max-snippet":"max-snippet:-1","max-image-preview":"max-image-preview:large","max-video-preview":"max-video-preview:-1"},"canonical":"https:\/\/trasteroscampanillas.com\/index.php\/politica-de-privacidad\/","og_locale":"es_ES","og_type":"article","og_title":"Pol\u00edtica de Privacidad - trasteroscampanillas","og_description":"[vc_section][vc_row][vc_column][vc_column_text] Protecci\u00f3n de datos TRASTEROS CAMPANILLAS ( SCRAP CONTAINER SL) La empresa garantiza a los usuarios de la p\u00e1gina web que cumple con la Ley Org\u00e1nica de Protecci\u00f3n de Datos y Garant\u00eda de los Derechos Digitales, y que ha establecido las medidas de seguridad exigidas por las leyes y reglamentos destinados a preservar el secreto, [&hellip;]","og_url":"https:\/\/trasteroscampanillas.com\/index.php\/politica-de-privacidad\/","og_site_name":"trasteroscampanillas","article_modified_time":"2024-06-13T22:45:28+00:00","twitter_card":"summary_large_image","twitter_misc":{"Tiempo de lectura":"8 minutos"},"schema":{"@context":"https:\/\/schema.org","@graph":[{"@type":"WebPage","@id":"https:\/\/trasteroscampanillas.com\/index.php\/politica-de-privacidad\/","url":"https:\/\/trasteroscampanillas.com\/index.php\/politica-de-privacidad\/","name":"Pol\u00edtica de Privacidad - trasteroscampanillas","isPartOf":{"@id":"https:\/\/trasteroscampanillas.com\/#website"},"datePublished":"2024-06-13T22:30:34+00:00","dateModified":"2024-06-13T22:45:28+00:00","breadcrumb":{"@id":"https:\/\/trasteroscampanillas.com\/index.php\/politica-de-privacidad\/#breadcrumb"},"inLanguage":"es","potentialAction":[{"@type":"ReadAction","target":["https:\/\/trasteroscampanillas.com\/index.php\/politica-de-privacidad\/"]}]},{"@type":"BreadcrumbList","@id":"https:\/\/trasteroscampanillas.com\/index.php\/politica-de-privacidad\/#breadcrumb","itemListElement":[{"@type":"ListItem","position":1,"name":"Portada","item":"https:\/\/trasteroscampanillas.com\/"},{"@type":"ListItem","position":2,"name":"Pol\u00edtica de Privacidad"}]},{"@type":"WebSite","@id":"https:\/\/trasteroscampanillas.com\/#website","url":"https:\/\/trasteroscampanillas.com\/","name":"trasteroscampanillas","description":"","potentialAction":[{"@type":"SearchAction","target":{"@type":"EntryPoint","urlTemplate":"https:\/\/trasteroscampanillas.com\/?s={search_term_string}"},"query-input":{"@type":"PropertyValueSpecification","valueRequired":true,"valueName":"search_term_string"}}],"inLanguage":"es"}]}},"_links":{"self":[{"href":"https:\/\/trasteroscampanillas.com\/index.php\/wp-json\/wp\/v2\/pages\/3186"}],"collection":[{"href":"https:\/\/trasteroscampanillas.com\/index.php\/wp-json\/wp\/v2\/pages"}],"about":[{"href":"https:\/\/trasteroscampanillas.com\/index.php\/wp-json\/wp\/v2\/types\/page"}],"author":[{"embeddable":true,"href":"https:\/\/trasteroscampanillas.com\/index.php\/wp-json\/wp\/v2\/users\/1"}],"replies":[{"embeddable":true,"href":"https:\/\/trasteroscampanillas.com\/index.php\/wp-json\/wp\/v2\/comments?post=3186"}],"version-history":[{"count":3,"href":"https:\/\/trasteroscampanillas.com\/index.php\/wp-json\/wp\/v2\/pages\/3186\/revisions"}],"predecessor-version":[{"id":3190,"href":"https:\/\/trasteroscampanillas.com\/index.php\/wp-json\/wp\/v2\/pages\/3186\/revisions\/3190"}],"wp:attachment":[{"href":"https:\/\/trasteroscampanillas.com\/index.php\/wp-json\/wp\/v2\/media?parent=3186"}],"curies":[{"name":"wp","href":"https:\/\/api.w.org\/{rel}","templated":true}]}}