{"id":3038,"date":"2024-04-26T00:21:58","date_gmt":"2024-04-25T22:21:58","guid":{"rendered":"https:\/\/trasteroscampanillas.com\/?page_id=3038"},"modified":"2024-10-10T19:42:22","modified_gmt":"2024-10-10T17:42:22","slug":"venta-de-almacenes","status":"publish","type":"page","link":"https:\/\/trasteroscampanillas.com\/index.php\/venta-de-almacenes\/","title":{"rendered":"Venta de almacenes"},"content":{"rendered":"<div class=\"wpb-content-wrapper\"><p>[vc_section][vc_row][vc_column width=\u00bb1\/6&#8243;][\/vc_column][vc_column width=\u00bb2\/3&#8243;]<div class=\"wpb_content_element \"><style type=\"text\/css\">#ut_header_69e0eec8cb41e h1.page-title { font-size:30px !important; }<\/style><header id=\"ut_header_69e0eec8cb41e\" class=\"page-header page-title-module  ut-no-title-linebreak-mobile ut-no-lead-linebreak-mobile pt-style-2 header-center header-tablet-center header-mobile-center\"><h1 data-title=\"Venta de Contenedores Mar\u00edtimos\"  data-responsive-font=\"page_title\" data-responsive-font-settings=\"{&quot;base-font-size&quot;:&quot;global&quot;,&quot;font-size&quot;:{&quot;desktop_large&quot;:&quot;30&quot;},&quot;base-line-height&quot;:&quot;global&quot;,&quot;base-letter-spacing&quot;:&quot;global&quot;}\" class=\"page-title  \"><span>Venta de Contenedores Mar\u00edtimos<\/span><\/h1><div data-delay=\"0\" class=\"lead \"><p>Nuestra Soluci\u00f3n Integral con Steel World Container<\/p>\n<\/div><\/header><\/div>[vc_column_text css=\u00bb\u00bb]<\/p>\n<div class=\"flex-shrink-0 flex flex-col relative items-end\">\n<div>\n<div class=\"pt-0\">\n<div class=\"gizmo-bot-avatar flex h-8 w-8 items-center justify-center overflow-hidden rounded-full\">\n<div class=\"relative p-1 rounded-sm flex items-center justify-center bg-token-main-surface-primary text-token-text-primary h-8 w-8\" style=\"text-align: center;\">En <strong>Trasteros Campanillas<\/strong>, no solo ofrecemos soluciones de almacenamiento vers\u00e1tiles y accesibles, sino que tambi\u00e9n contamos con una alternativa sostenible y pr\u00e1ctica para quienes buscan adquirir contenedores mar\u00edtimos. <strong>Steel World Container<\/strong>, nuestra empresa hermana, es el proveedor especializado en la venta de contenedores mar\u00edtimos tanto nuevos como usados. Gracias a esta colaboraci\u00f3n estrat\u00e9gica, podemos ofrecer a nuestros clientes una oferta completa: desde el almacenamiento en nuestros trasteros hechos con contenedores, hasta la posibilidad de adquirir contenedores para uso propio.<\/div>\n<\/div>\n<\/div>\n<\/div>\n<\/div>\n<div class=\"group\/conversation-turn relative flex w-full min-w-0 flex-col agent-turn\">\n<div class=\"flex-col gap-1 md:gap-3\">\n<div class=\"flex max-w-full flex-col flex-grow\">\n<div class=\"min-h-8 text-message flex w-full flex-col items-end gap-2 whitespace-normal break-words [.text-message+&amp;]:mt-5\" dir=\"auto\" data-message-author-role=\"assistant\" data-message-id=\"1b3144dc-d947-4290-a7b4-1d39d3d79f61\" data-message-model-slug=\"gpt-4o\">\n<div class=\"flex w-full flex-col gap-1 empty:hidden first:pt-[3px]\">\n<div class=\"markdown prose w-full break-words dark:prose-invert light\">\n<p style=\"text-align: center;\">\n<\/div>\n<\/div>\n<\/div>\n<\/div>\n<\/div>\n<\/div>\n<p><span style=\"vertical-align: inherit;\"><span style=\"vertical-align: inherit;\">[\/vc_column_text][vc_column_text css=\u00bb\u00bb]<\/span><\/span><\/p>\n<p style=\"text-align: center;\">Steel World Container <strong>es un referente en la venta de contenedores mar\u00edtimos, con m\u00e1s de 8 a\u00f1os de experiencia en el sector<\/strong>. Ofrecemos soluciones para empresas de log\u00edstica, construcci\u00f3n, particulares y cualquier proyecto que requiera contenedores funcionales, tanto para el transporte de mercanc\u00edas como para su transformaci\u00f3n en espacios personalizados. Los contenedores mar\u00edtimos que ofrecemos son ideales para una amplia gama de aplicaciones: <strong>desde oficinas m\u00f3viles hasta viviendas sostenibles y almacenes temporales.<\/strong><\/p>\n<p>[\/vc_column_text][\/vc_column][vc_column width=\u00bb1\/6&#8243;][\/vc_column][\/vc_row][vc_row][vc_column width=\u00bb1\/2&#8243;][vc_separator color=\u00bbwhite\u00bb css=\u00bb\u00bb][vc_column_text css=\u00bb\u00bb]<\/p>\n<h3 style=\"text-align: center;\"><strong>Tipos de Contenedores que Ofrecemos<\/strong><\/h3>\n<p style=\"text-align: center;\">Trabajamos con una amplia variedad de modelos de contenedores mar\u00edtimos para ajustarnos a las necesidades espec\u00edficas de cada cliente. Estos incluyen:<\/p>\n<ul style=\"text-align: center;\">\n<li><strong>Contenedores Dry (secos):<\/strong> los m\u00e1s comunes para almacenamiento general y transporte de mercanc\u00edas.<\/li>\n<li><strong>Contenedores Reefer (refrigerados):<\/strong> perfectos para mantener productos perecederos a temperaturas controladas.<\/li>\n<li><strong>Contenedores Open Top y Open Side:<\/strong> ideales para cargas voluminosas o de dif\u00edcil manejo, permitiendo mayor flexibilidad al cargar y descargar.<\/li>\n<li><strong>Contenedores Flat Rack:<\/strong> dise\u00f1ados para cargas pesadas o sobre-dimensionadas, sin los laterales del contenedor est\u00e1ndar.<\/li>\n<li><strong>ISO Tanks:<\/strong> especializados en el transporte de l\u00edquidos y gases.<\/li>\n<\/ul>\n<p style=\"text-align: center;\">Tanto si necesitas un contenedor nuevo como uno usado, en <strong>Steel World Container<\/strong> encontrar\u00e1s una soluci\u00f3n que se ajusta a tus necesidades de presupuesto, tama\u00f1o y funcionalidad.<\/p>\n<p>[\/vc_column_text][\/vc_column][vc_column width=\u00bb1\/2&#8243;]<div  class=\"wpb_content_element   clearfix\"><style type=\"text\/css\">#ut_am_69e0eec8d3227 { opacity: 1; }#ut_am_wrap_69e0eec8d3229 .ut-image-gallery-item-caption-title h3 { letter-spacing: 0em; }#ut_am_wrap_69e0eec8d3229 .ut-gallery-slider-caption { font-weight: bold; }#ut_am_wrap_69e0eec8d3229 { text-align: center; }@media (min-width: 768px) and (max-width: 1024px) { #ut_am_wrap_69e0eec8d3229 { text-align: center !important; } }@media (max-width: 767px) { #ut_am_wrap_69e0eec8d3229 { text-align: center !important; } }<\/style><div id=\"ut_am_wrap_69e0eec8d3229\" class=\"ut-image-gallery-image \"><div id=\"ut_reveal_69e0eec8d322b\"  data-appear-top-offset=\"auto\" class=\"ut-animated-image-item ut-image-gallery-item ut-animation-done \"><a class=\"ut-deactivated-link\" href=\"#\"><div class=\"ut-animated-image-zoom\"><img loading=\"lazy\" decoding=\"async\" class=\"ut-lazy skip-lazy ut-animated-image \"  id=\"ut_am_69e0eec8d3227\" src=\"data:image\/svg+xml;charset=utf-8,%3Csvg xmlns%3D'http%3A%2F%2Fwww.w3.org%2F2000%2Fsvg' viewBox%3D'0 0 600 600'%2F%3E\" data-src=\"https:\/\/trasteroscampanillas.com\/wp-content\/uploads\/2024\/10\/contenedores.jpg\" width=\"600\" height=\"600\" alt=\"\"\/><\/div><\/a><\/div><\/div><\/div>[\/vc_column][\/vc_row][vc_row css=\u00bb.vc_custom_1728581601611{background-color: linear-gradient(to top, rgba(17, 53, 124, 0.23) 0%, rgba(17, 53, 124, 0.13) 100%) !important;}\u00bb][vc_column width=\u00bb1\/6&#8243;][\/vc_column][vc_column width=\u00bb2\/3&#8243;][vc_column_text css=\u00bb\u00bb]<\/p>\n<h3 style=\"text-align: center;\">Ventajas de los Contenedores Mar\u00edtimos<\/h3>\n<p style=\"text-align: center;\">El uso de contenedores mar\u00edtimos no se limita al transporte de mercanc\u00edas. Cada vez m\u00e1s, se utilizan como una alternativa innovadora en la construcci\u00f3n de oficinas, viviendas modulares, almacenes temporales y, en nuestro caso, trasteros funcionales. Los beneficios de los contenedores mar\u00edtimos son claros:<\/p>\n<p><span style=\"vertical-align: inherit;\"><span style=\"vertical-align: inherit;\">[\/vc_column_text][vc_column_text css=\u00bb\u00bb]<\/span><\/span><\/p>\n<ul>\n<li style=\"text-align: center;\"><strong>Durabilidad y resistencia:<\/strong> Fabricados para soportar condiciones extremas, los contenedores mar\u00edtimos son la soluci\u00f3n perfecta para quienes buscan estructuras robustas.<\/li>\n<li style=\"text-align: center;\"><strong>Ecol\u00f3gico y sostenible:<\/strong> Al reutilizar contenedores, reducimos el impacto ambiental y damos una segunda vida a materiales que de otro modo quedar\u00edan en desuso.<\/li>\n<li style=\"text-align: center;\"><strong>Versatilidad de uso:<\/strong> Los contenedores mar\u00edtimos pueden ser transformados en pr\u00e1cticamente cualquier tipo de estructura: desde almacenes port\u00e1tiles hasta oficinas o viviendas personalizadas.<\/li>\n<li style=\"text-align: center;\"><strong>Movilidad y adaptabilidad:<\/strong> Los contenedores son f\u00e1ciles de transportar y adaptar a diferentes ubicaciones, lo que permite un uso flexible para diversas aplicaciones.<\/li>\n<\/ul>\n<p>[\/vc_column_text][\/vc_column][vc_column width=\u00bb1\/6&#8243;][\/vc_column][\/vc_row][vc_row content_placement=\u00bbmiddle\u00bb][vc_column width=\u00bb1\/2&#8243;][vc_separator color=\u00bbwhite\u00bb css=\u00bb\u00bb]<div  class=\"wpb_content_element   clearfix\"><style type=\"text\/css\">#ut_am_69e0eec8d35f9 { opacity: 1; }#ut_am_wrap_69e0eec8d35fb .ut-image-gallery-item-caption-title h3 { letter-spacing: 0em; }#ut_am_wrap_69e0eec8d35fb .ut-gallery-slider-caption { font-weight: bold; }#ut_am_wrap_69e0eec8d35fb { text-align: center; }@media (min-width: 768px) and (max-width: 1024px) { #ut_am_wrap_69e0eec8d35fb { text-align: center !important; } }@media (max-width: 767px) { #ut_am_wrap_69e0eec8d35fb { text-align: center !important; } }<\/style><div id=\"ut_am_wrap_69e0eec8d35fb\" class=\"ut-image-gallery-image \"><div id=\"ut_reveal_69e0eec8d35fc\"  data-appear-top-offset=\"auto\" class=\"ut-animated-image-item ut-image-gallery-item ut-animation-done \"><a class=\"ut-deactivated-link\" href=\"#\"><div class=\"ut-animated-image-zoom\"><img loading=\"lazy\" decoding=\"async\" class=\"ut-lazy skip-lazy ut-animated-image \"  id=\"ut_am_69e0eec8d35f9\" src=\"data:image\/svg+xml;charset=utf-8,%3Csvg xmlns%3D'http%3A%2F%2Fwww.w3.org%2F2000%2Fsvg' viewBox%3D'0 0 600 400'%2F%3E\" data-src=\"https:\/\/trasteroscampanillas.com\/wp-content\/uploads\/2024\/10\/saludo-negocios.jpg\" width=\"600\" height=\"400\" alt=\"\"\/><\/div><\/a><\/div><\/div><\/div>[\/vc_column][vc_column width=\u00bb1\/2&#8243;][vc_column_text css=\u00bb\u00bb]<\/p>\n<h3 style=\"text-align: center;\"><strong>Nuestra Relaci\u00f3n con Steel World Container<\/strong><\/h3>\n<p style=\"text-align: center;\">En <strong>Trasteros Campanillas<\/strong>, nos enorgullece colaborar con <strong>Steel World Container<\/strong>, una empresa que comparte nuestra visi\u00f3n de ofrecer soluciones de almacenamiento efectivas, asequibles y sostenibles. Gracias a esta asociaci\u00f3n, no solo <strong>ofrecemos trasteros de calidad hechos con contenedores mar\u00edtimos, sino que tambi\u00e9n proporcionamos acceso directo a la compra de estos contenedores.<\/strong><\/p>\n<p style=\"text-align: center;\">Si est\u00e1s interesado en llevar la versatilidad de los contenedores mar\u00edtimos a tus propios proyectos, <strong>Steel World Container<\/strong> te garantiza una experiencia de compra f\u00e1cil y segura. Nos encargamos de todo el proceso, desde la asesor\u00eda inicial hasta la entrega del contenedor en el lugar que elijas, para que tu proyecto no se detenga.<\/p>\n<p>[\/vc_column_text][\/vc_column][\/vc_row][\/vc_section][vc_section css=\u00bb.vc_custom_1714515649275{background-color: linear-gradient(to top, rgba(17, 53, 124, 0.23) 0%, rgba(17, 53, 124, 0.13) 100%) !important;}\u00bb][vc_row equal_height=\u00bbyes\u00bb content_placement=\u00bbmiddle\u00bb][vc_column width=\u00bb1\/2&#8243;]<div  class=\"wpb_content_element   clearfix\"><style type=\"text\/css\">#ut_am_69e0eec8d3963 { opacity: 1; }#ut_am_wrap_69e0eec8d3964 .ut-image-gallery-item-caption-title h3 { letter-spacing: 0em; }#ut_am_wrap_69e0eec8d3964 .ut-gallery-slider-caption { font-weight: bold; }#ut_am_wrap_69e0eec8d3964 { text-align: center; }@media (min-width: 768px) and (max-width: 1024px) { #ut_am_wrap_69e0eec8d3964 { text-align: center !important; } }@media (max-width: 767px) { #ut_am_wrap_69e0eec8d3964 { text-align: center !important; } }<\/style><div id=\"ut_am_wrap_69e0eec8d3964\" class=\"ut-image-gallery-image \"><div id=\"ut_reveal_69e0eec8d3965\"  data-appear-top-offset=\"auto\" class=\"ut-animated-image-item ut-image-gallery-item ut-animation-done \"><a class=\"ut-deactivated-link\" href=\"#\"><div class=\"ut-animated-image-zoom\"><img loading=\"lazy\" decoding=\"async\" class=\"ut-lazy skip-lazy ut-animated-image \"  id=\"ut_am_69e0eec8d3963\" src=\"data:image\/svg+xml;charset=utf-8,%3Csvg xmlns%3D'http%3A%2F%2Fwww.w3.org%2F2000%2Fsvg' viewBox%3D'0 0 680 500'%2F%3E\" data-src=\"https:\/\/trasteroscampanillas.com\/wp-content\/uploads\/2024\/04\/llamada-mudanza.jpg\" width=\"680\" height=\"500\" alt=\"\"\/><\/div><\/a><\/div><\/div><\/div>[\/vc_column][vc_column width=\u00bb1\/2&#8243;]<div  class=\"wpb_content_element   clearfix\"><style type=\"text\/css\">#ut_am_69e0eec8d3d0d { opacity: 1; }#ut_am_wrap_69e0eec8d3d0e .ut-image-gallery-item-caption-title h3 { letter-spacing: 0em; }#ut_am_wrap_69e0eec8d3d0e .ut-gallery-slider-caption { font-weight: bold; }#ut_am_wrap_69e0eec8d3d0e { text-align: center; }@media (min-width: 768px) and (max-width: 1024px) { #ut_am_wrap_69e0eec8d3d0e { text-align: center !important; } }@media (max-width: 767px) { #ut_am_wrap_69e0eec8d3d0e { text-align: center !important; } }<\/style><div id=\"ut_am_wrap_69e0eec8d3d0e\" class=\"ut-image-gallery-image \"><div id=\"ut_reveal_69e0eec8d3d0f\"  data-appear-top-offset=\"auto\" class=\"ut-animated-image-item ut-image-gallery-item ut-animation-done \"><a target=\"_self\" href=\"https:\/\/steelworldcontainer.com\/\" rel=\"nofollow\"><div class=\"ut-animated-image-zoom\"><img loading=\"lazy\" decoding=\"async\" class=\"ut-lazy skip-lazy ut-animated-image \"  id=\"ut_am_69e0eec8d3d0d\" src=\"data:image\/svg+xml;charset=utf-8,%3Csvg xmlns%3D'http%3A%2F%2Fwww.w3.org%2F2000%2Fsvg' viewBox%3D'0 0 290 122'%2F%3E\" data-src=\"https:\/\/trasteroscampanillas.com\/wp-content\/uploads\/2024\/10\/logo-swc-transparente.png\" width=\"290\" height=\"122\" alt=\"\"\/><\/div><\/a><\/div><\/div><\/div><div class=\"wpb_content_element \"><style type=\"text\/css\">#ut_header_69e0eec8d457a h3.page-title, #ut_header_69e0eec8d457a h3.page-title span { color:#6ba349; }#ut_header_69e0eec8d457a h3.page-title { font-size:30px !important; }#ut_header_69e0eec8d457a.page-title-module .lead { color:#6ba349; }#ut_header_69e0eec8d457a.page-title-module .lead p { color:#6ba349; }#ut_header_69e0eec8d457a.pt-style-2 .page-title span:after, #ut_header_69e0eec8d457a.pt-style-2 .parallax-title span:after, #ut_header_69e0eec8d457a.pt-style-2 .section-title span:after { background-color:#6ba349 !important;}<\/style><header id=\"ut_header_69e0eec8d457a\" class=\"page-header page-title-module  ut-no-title-linebreak-mobile ut-no-lead-linebreak-mobile pt-style-2 header-center header-tablet-center header-mobile-center\"><h3 data-title=\"\u00bfNecesitas ayuda?\"  data-responsive-font=\"page_title\" data-responsive-font-settings=\"{&quot;base-font-size&quot;:&quot;global&quot;,&quot;font-size&quot;:{&quot;desktop_large&quot;:&quot;30&quot;},&quot;base-line-height&quot;:&quot;global&quot;,&quot;base-letter-spacing&quot;:&quot;global&quot;}\" class=\"page-title  \"><span>\u00bfNecesitas ayuda?<\/span><\/h3><div data-delay=\"0\" class=\"lead \"><p>Ll\u00e1manos GRATIS de lunes a viernes.<br \/>\nTe asesoramos de forma personalizada<\/p>\n<\/div><\/header><\/div><style type=\"text\/css\">#bklyn_btn_69e0eec8d5328 .bklyn-btn { color:#ffffff !important; background-color:#6ba349 !important; }#bklyn_btn_69e0eec8d5328 .bklyn-btn:hover{ color:#6ba349 !important; background-color:#ffffff !important; }#bklyn_btn_69e0eec8d5328 .bklyn-btn:focus{ color:#6ba349 !important; background-color:#ffffff !important; }#bklyn_btn_69e0eec8d5328 .bklyn-btn:active { color:#6ba349 !important; background-color:#ffffff !important; }<\/style><div id=\"bklyn_btn_69e0eec8d5328\" class=\"bklyn-btn-holder  bklyn-btn-center bklyn-btn-tablet-center bklyn-btn-mobile-center\"><a title=\"Contacto\"   href=\"https:\/\/steelworldcontainer.com\/contacto\/\" target=\"_self\" class=\"bklyn-btn  bklyn-btn-normal\" rel=\"nofollow\"><span class=\"ut-btn-text\">SOLICITAR PRESUPUESTO<\/span><\/a><\/div>[\/vc_column][\/vc_row][\/vc_section]<\/p>\n<\/div>","protected":false},"excerpt":{"rendered":"<p>[vc_section][vc_row][vc_column width=\u00bb1\/6&#8243;][\/vc_column][vc_column width=\u00bb2\/3&#8243;][vc_column_text css=\u00bb\u00bb] En Trasteros Campanillas, no solo ofrecemos soluciones de almacenamiento vers\u00e1tiles y accesibles, sino que tambi\u00e9n contamos con una alternativa sostenible y pr\u00e1ctica para quienes buscan adquirir contenedores mar\u00edtimos. Steel World Container, nuestra empresa hermana, es el proveedor especializado en la venta de contenedores mar\u00edtimos tanto nuevos como usados. Gracias a esta [&hellip;]<\/p>\n","protected":false},"author":1,"featured_media":0,"parent":0,"menu_order":0,"comment_status":"closed","ping_status":"closed","template":"","meta":{"footnotes":""},"class_list":["post-3038","page","type-page","status-publish","hentry"],"yoast_head":"<!-- This site is optimized with the Yoast SEO plugin v24.3 - https:\/\/yoast.com\/wordpress\/plugins\/seo\/ -->\n<title>Venta de almacenes - trasteroscampanillas<\/title>\n<meta name=\"robots\" content=\"index, follow, max-snippet:-1, max-image-preview:large, max-video-preview:-1\" \/>\n<link rel=\"canonical\" href=\"https:\/\/trasteroscampanillas.com\/index.php\/venta-de-almacenes\/\" \/>\n<meta property=\"og:locale\" content=\"es_ES\" \/>\n<meta property=\"og:type\" content=\"article\" \/>\n<meta property=\"og:title\" content=\"Venta de almacenes - trasteroscampanillas\" \/>\n<meta property=\"og:description\" content=\"[vc_section][vc_row][vc_column width=\u00bb1\/6&#8243;][\/vc_column][vc_column width=\u00bb2\/3&#8243;][vc_column_text css=\u00bb\u00bb] En Trasteros Campanillas, no solo ofrecemos soluciones de almacenamiento vers\u00e1tiles y accesibles, sino que tambi\u00e9n contamos con una alternativa sostenible y pr\u00e1ctica para quienes buscan adquirir contenedores mar\u00edtimos. Steel World Container, nuestra empresa hermana, es el proveedor especializado en la venta de contenedores mar\u00edtimos tanto nuevos como usados. Gracias a esta [&hellip;]\" \/>\n<meta property=\"og:url\" content=\"https:\/\/trasteroscampanillas.com\/index.php\/venta-de-almacenes\/\" \/>\n<meta property=\"og:site_name\" content=\"trasteroscampanillas\" \/>\n<meta property=\"article:modified_time\" content=\"2024-10-10T17:42:22+00:00\" \/>\n<meta name=\"twitter:card\" content=\"summary_large_image\" \/>\n<meta name=\"twitter:label1\" content=\"Tiempo de lectura\" \/>\n\t<meta name=\"twitter:data1\" content=\"5 minutos\" \/>\n<script type=\"application\/ld+json\" class=\"yoast-schema-graph\">{\"@context\":\"https:\/\/schema.org\",\"@graph\":[{\"@type\":\"WebPage\",\"@id\":\"https:\/\/trasteroscampanillas.com\/index.php\/venta-de-almacenes\/\",\"url\":\"https:\/\/trasteroscampanillas.com\/index.php\/venta-de-almacenes\/\",\"name\":\"Venta de almacenes - trasteroscampanillas\",\"isPartOf\":{\"@id\":\"https:\/\/trasteroscampanillas.com\/#website\"},\"datePublished\":\"2024-04-25T22:21:58+00:00\",\"dateModified\":\"2024-10-10T17:42:22+00:00\",\"breadcrumb\":{\"@id\":\"https:\/\/trasteroscampanillas.com\/index.php\/venta-de-almacenes\/#breadcrumb\"},\"inLanguage\":\"es\",\"potentialAction\":[{\"@type\":\"ReadAction\",\"target\":[\"https:\/\/trasteroscampanillas.com\/index.php\/venta-de-almacenes\/\"]}]},{\"@type\":\"BreadcrumbList\",\"@id\":\"https:\/\/trasteroscampanillas.com\/index.php\/venta-de-almacenes\/#breadcrumb\",\"itemListElement\":[{\"@type\":\"ListItem\",\"position\":1,\"name\":\"Portada\",\"item\":\"https:\/\/trasteroscampanillas.com\/\"},{\"@type\":\"ListItem\",\"position\":2,\"name\":\"Venta de almacenes\"}]},{\"@type\":\"WebSite\",\"@id\":\"https:\/\/trasteroscampanillas.com\/#website\",\"url\":\"https:\/\/trasteroscampanillas.com\/\",\"name\":\"trasteroscampanillas\",\"description\":\"\",\"potentialAction\":[{\"@type\":\"SearchAction\",\"target\":{\"@type\":\"EntryPoint\",\"urlTemplate\":\"https:\/\/trasteroscampanillas.com\/?s={search_term_string}\"},\"query-input\":{\"@type\":\"PropertyValueSpecification\",\"valueRequired\":true,\"valueName\":\"search_term_string\"}}],\"inLanguage\":\"es\"}]}<\/script>\n<!-- \/ Yoast SEO plugin. -->","yoast_head_json":{"title":"Venta de almacenes - trasteroscampanillas","robots":{"index":"index","follow":"follow","max-snippet":"max-snippet:-1","max-image-preview":"max-image-preview:large","max-video-preview":"max-video-preview:-1"},"canonical":"https:\/\/trasteroscampanillas.com\/index.php\/venta-de-almacenes\/","og_locale":"es_ES","og_type":"article","og_title":"Venta de almacenes - trasteroscampanillas","og_description":"[vc_section][vc_row][vc_column width=\u00bb1\/6&#8243;][\/vc_column][vc_column width=\u00bb2\/3&#8243;][vc_column_text css=\u00bb\u00bb] En Trasteros Campanillas, no solo ofrecemos soluciones de almacenamiento vers\u00e1tiles y accesibles, sino que tambi\u00e9n contamos con una alternativa sostenible y pr\u00e1ctica para quienes buscan adquirir contenedores mar\u00edtimos. Steel World Container, nuestra empresa hermana, es el proveedor especializado en la venta de contenedores mar\u00edtimos tanto nuevos como usados. Gracias a esta [&hellip;]","og_url":"https:\/\/trasteroscampanillas.com\/index.php\/venta-de-almacenes\/","og_site_name":"trasteroscampanillas","article_modified_time":"2024-10-10T17:42:22+00:00","twitter_card":"summary_large_image","twitter_misc":{"Tiempo de lectura":"5 minutos"},"schema":{"@context":"https:\/\/schema.org","@graph":[{"@type":"WebPage","@id":"https:\/\/trasteroscampanillas.com\/index.php\/venta-de-almacenes\/","url":"https:\/\/trasteroscampanillas.com\/index.php\/venta-de-almacenes\/","name":"Venta de almacenes - trasteroscampanillas","isPartOf":{"@id":"https:\/\/trasteroscampanillas.com\/#website"},"datePublished":"2024-04-25T22:21:58+00:00","dateModified":"2024-10-10T17:42:22+00:00","breadcrumb":{"@id":"https:\/\/trasteroscampanillas.com\/index.php\/venta-de-almacenes\/#breadcrumb"},"inLanguage":"es","potentialAction":[{"@type":"ReadAction","target":["https:\/\/trasteroscampanillas.com\/index.php\/venta-de-almacenes\/"]}]},{"@type":"BreadcrumbList","@id":"https:\/\/trasteroscampanillas.com\/index.php\/venta-de-almacenes\/#breadcrumb","itemListElement":[{"@type":"ListItem","position":1,"name":"Portada","item":"https:\/\/trasteroscampanillas.com\/"},{"@type":"ListItem","position":2,"name":"Venta de almacenes"}]},{"@type":"WebSite","@id":"https:\/\/trasteroscampanillas.com\/#website","url":"https:\/\/trasteroscampanillas.com\/","name":"trasteroscampanillas","description":"","potentialAction":[{"@type":"SearchAction","target":{"@type":"EntryPoint","urlTemplate":"https:\/\/trasteroscampanillas.com\/?s={search_term_string}"},"query-input":{"@type":"PropertyValueSpecification","valueRequired":true,"valueName":"search_term_string"}}],"inLanguage":"es"}]}},"_links":{"self":[{"href":"https:\/\/trasteroscampanillas.com\/index.php\/wp-json\/wp\/v2\/pages\/3038"}],"collection":[{"href":"https:\/\/trasteroscampanillas.com\/index.php\/wp-json\/wp\/v2\/pages"}],"about":[{"href":"https:\/\/trasteroscampanillas.com\/index.php\/wp-json\/wp\/v2\/types\/page"}],"author":[{"embeddable":true,"href":"https:\/\/trasteroscampanillas.com\/index.php\/wp-json\/wp\/v2\/users\/1"}],"replies":[{"embeddable":true,"href":"https:\/\/trasteroscampanillas.com\/index.php\/wp-json\/wp\/v2\/comments?post=3038"}],"version-history":[{"count":22,"href":"https:\/\/trasteroscampanillas.com\/index.php\/wp-json\/wp\/v2\/pages\/3038\/revisions"}],"predecessor-version":[{"id":3306,"href":"https:\/\/trasteroscampanillas.com\/index.php\/wp-json\/wp\/v2\/pages\/3038\/revisions\/3306"}],"wp:attachment":[{"href":"https:\/\/trasteroscampanillas.com\/index.php\/wp-json\/wp\/v2\/media?parent=3038"}],"curies":[{"name":"wp","href":"https:\/\/api.w.org\/{rel}","templated":true}]}}